{"id":471,"date":"2024-11-07T15:24:28","date_gmt":"2024-11-07T15:24:28","guid":{"rendered":"https:\/\/icetec.turbuweb.com\/?page_id=471"},"modified":"2025-02-05T16:05:44","modified_gmt":"2025-02-05T16:05:44","slug":"quizz-climatisation","status":"publish","type":"page","link":"https:\/\/icetecclimatisation.com\/fr\/documentation\/quizz-climatisation\/","title":{"rendered":"Page &#8211; Outil d&rsquo;aide \u00e0 la d\u00e9cision"},"content":{"rendered":"<div class=\"bloc-conversion acf-conversion alignwide pt-16 pb-16 bg-aero-10 font-poppins\">\n\n    <div class=\"md:container md:mx-auto px-5\">\n\n        \n\n        \n                    <h2 class=\"text-icetec titre-3 text-center w-full\">\n                Aucun r\u00e9sultat correspondant\n            <\/h2>\n\n            <div class=\"texte text-center ento-result text-nuit mt-4 text-sm md:text-lg content\">\n                <p>Votre maison m\u00e9rite une attention particuli\u00e8re.<\/p>\n<p>Malheureusement, on ne peut pas vous conseiller des produits en climatisation et chauffage pour le moment. Pour vous recommander la solution id\u00e9ale, nos experts doivent \u00e9valuer certains aspects sp\u00e9cifiques de votre espace.<\/p>\n<p>Laissez-nous vous accompagner pour :<\/p>\n<ul>\n<li>Analyser vos besoins plus en d\u00e9tail<\/li>\n<li>\u00c9valuer davantage les particularit\u00e9s de votre maison<\/li>\n<li>Vous proposer la solution optimale<\/li>\n<\/ul>\n<p>Fort de 30 ans d&rsquo;expertise, on trouvera la meilleure solution pour votre confort.<\/p>\n<p>Appelez-nous ou faites une demande de soumission ci-dessous.<\/p>\n\n            <\/div>\n        \n       \n\n    <\/div>\n    <div class=\"2xl:container 2xl:mx-auto px-5\">\n\n        <!-- Swiper uniquement pour mobile -->\n        <div class=\"mobile sm:hidden mt-10 relative pb-10\">\n            <div class=\"swiper-container\">\n                <div class=\"swiper-wrapper\">\n\n\n                                    <\/div>\n                <div class=\"swiper-pagination !static mt-10\"><\/div>\n            <\/div>\n\n        <\/div>\n\n        <!-- lg:grid-cols-1 sm:!grid-cols-2 lg:grid-cols-2 lg:!grid-cols-3 lg:grid-cols-4 lg:grid-cols-5 lg:grid-cols-6 lg:grid-cols-7 -->\n\n        <!-- lg:max-w-[50%] mx-auto -->\n\n        <div class=\"desktop hidden sm:grid grid-cols-1  lg:!grid-cols-1 mt-10 gap-2 sm:gap-10\">\n                    <\/div>\n\n        <div class=\"flex flex-wrap gap-4 mt-8 flex-col items-center\">\n                    <\/div>\n\n        <div class=\"flex justify-center\">\n            <a href=\"#ouvrirEntonnoirConversion\" class=\"bouton-1 special_conversion transition-all bg-transparent text-aero hover:bg-aero hover:text-white border border-aero text-[16px] md:text-[24px] text-center !flex flex-row group\">\n                <div class=\"flex items-center group-hover:hidden\"><img decoding=\"async\" src=\"https:\/\/icetecclimatisation.com\/app\/themes\/turbutheme-v2\/public\/images\/entonnoir_conversion_bouton_fleche_aero.svg\" class=\"transform mr-2\" alt=\"Fl\u00e8che\"><\/div>\n                <div class=\"hidden items-center group-hover:flex\"><img decoding=\"async\" src=\"https:\/\/icetecclimatisation.com\/app\/themes\/turbutheme-v2\/public\/images\/entonnoir_conversion_bouton_fleche_blanche.svg\" class=\"transform mr-2\" alt=\"Fl\u00e8che\"><\/div>\n                <span>Recommencer le questionnaire<\/span>\n            <\/a>\n        <\/div>\n\n    <\/div>\n<\/div>\n\n<div class=\"bloc-une-colonne bg-aero acf-une-colonne alignwide pt-16 pb-16 poppins relative overflow-hidden \" id=\"unecolonne_1\">\n\n    <!-- md:text-left md:text-center md:text-right -->\n\n    \n    \n    <div class=\"md:mx-auto md:container px-5 flex flex-col items-center relative\">\n        \n                <h2 class=\"text-white titre-3 text-center w-full\">\n            Vous cherchez une solution plus adapt\u00e9e ?\n        <\/h2>\n        \n                <div class=\"text-nuit content text-nuit texte-1 mt-6 text-center w-full\"><!-- lg:w-4\/5 xl:w-3\/5 -->\n            <p><span style=\"font-weight: 400;\">Nos experts ne sont jamais bien loin pour vous conseiller personnellement.<\/span><\/p>\n\n        <\/div>\n        \n                <div class=\"ctaContainer text-center mt-8 w-full\">\n            <a href=\"https:\/\/www.icetecclimatisation.com\/fr\/nous-joindre\"\n                class=\"bouton-1 transition-all\n                          bg-nuit text-white border border-white hover:bg-white hover:text-nuit hover:border-nuit\n                  px-4 py-1 uppercase rounded-full block xs:inline-block m-2\" >\n                Obtenir un devis sur mesure\n            <\/a>\n\n            \n                                <a href=\"tel:418-839-7993\"\n                    class=\"bouton-1 transition-all\n                                          bg-nuit text-white border border-white hover:bg-white hover:text-nuit hover:border-nuit\n                                  px-4 py-1 uppercase rounded-full block xs:inline-block m-2\" >\n                    Appeler maintenant\n                <\/a>\n                \n            \n        <\/div>\n        \n\n\n\n    <\/div>\n\n<\/div>\n\n<section class=\"acf-image-gauche-droite alignwide bloc-image-gauche-droite  relative\" data-position-image=\"gauche\" id=\"imagegauchedroite_1\">\n\n    <!-- w-[80%] | lg:py-24 -->\n\n    <div class=\"overflow-hidden relative   bg-white flex flex-col lg:flex-row\">\n\n        <!-- Image \u00e0 gauche ou \u00e0 droite | lg:absolute -->\n                <div class=\"lg:w-1\/2 w-full overflow-hidden text-center  relative\">\n            <img decoding=\"async\" src=\"https:\/\/icetecclimatisation.com\/app\/uploads\/2024\/11\/outil-aide-decision-residentiel-solutions-thermopompes-climatisation-chauffage.webp\" alt=\"Salon r\u00e9sidentiel confortable avec fauteuil, plantes et lumi\u00e8re naturelle, illustrant le confort thermique optimal\" class=\" h-full w-full object-cover\">\n        <\/div>\n        \n        <!-- Section Texte et CTA | lg:!pr-14 lg:!pl-14 lg:py-0 !pb-0 -->\n        <div class=\"content_container lg:py-0 lg:w-1\/2\">\n            <div class=\"content md:mx-auto md:container px-10 lg:!pl-14 relative flex md:items-center h-full pt-8 pb-8 lg:py-16  \">\n                <div class=\"text-left w-full\">\n\n                    \n                                        <div class=\"sur-titre uppercase text-nuit mb-5 tracking-wider\">\n                        Des solutions sur mesure pour toute la maison\n                    <\/div>\n                    \n                    <!-- text-[24px] md:text-[48px] -->\n\n                                        <h2 class=\"titre-3 font-bold text-icetec leading-none\">\n                        Solutions de confort pour la maison\n                    <\/h2>\n                    \n                                        <div class=\"text-nuit texte text-sm md:text-base mt-6 lg:mt-8 lg:mb-14\">\n                        <p><span style=\"font-weight: 400;\">Optimisez le confort de votre maison avec nos solutions compl\u00e8tes en <\/span><b>ventilation<\/b><span style=\"font-weight: 400;\">, <\/span><b>climatisation<\/b><span style=\"font-weight: 400;\">, <\/span><b>chauffage<\/b><span style=\"font-weight: 400;\">, et <\/span><b>g\u00e9othermie<\/b><span style=\"font-weight: 400;\">. <\/span><\/p>\n<p><span style=\"font-weight: 400;\">Que vous souhaitiez mieux ventiler, rafra\u00eechir, ou chauffer votre espace, d\u00e9couvrez nos solutions adapt\u00e9es \u00e0 chaque besoin r\u00e9sidentiel.<\/span><\/p>\n\n                    <\/div>\n                    \n                                        <div class=\"ctas flex flex-wrap gap-4 mt-10 flex-col items-start w-fit\">\n                                                <a href=\"https:\/\/icetecclimatisation.com\/fr\/services-residentiels\/\"\n                            class=\"bouton-1 transition-all \n                  bg-icetec text-white border border-icetec hover:bg-white hover:text-icetec\n          !flex flex-row items-center group justify-center w-full\">\n\n                            <!-- Ic\u00f4ne normale -->\n                            \n                            <!-- Ic\u00f4ne hover -->\n                            \n                            <span class=\"text-center\">D\u00e9couvrir nos solutions r\u00e9sidentielles<\/span>\n                        <\/a>\n                                            <\/div>\n                    \n\n                <\/div>\n            <\/div>\n        <\/div>\n    <\/div>\n\n    <!-- Bloc utilis\u00e9 par le JS pour calculer le padding-left n\u00e9cessaire du .content lorsque l'image est \u00e0 gauche -->\n    <div class=\"reference md:mx-auto md:container px-5\"><\/div>\n\n<\/section>\n\n<section class=\"acf-image-gauche-droite alignwide bloc-image-gauche-droite  relative\" data-position-image=\"droite\" id=\"imagegauchedroite_2\">\n\n    <!-- w-[80%] | lg:py-24 -->\n\n    <div class=\"overflow-hidden relative   bg-white flex flex-col lg:flex-row\">\n\n        <!-- Image \u00e0 gauche ou \u00e0 droite | lg:absolute -->\n                <div class=\"lg:w-1\/2 w-full overflow-hidden text-center lg:order-last relative\">\n            <img decoding=\"async\" src=\"https:\/\/icetecclimatisation.com\/app\/uploads\/2024\/12\/icetec-climatisation-installation-echangeur-air-vanee-maison.webp\" alt=\"icetec-climatisation-installation-echangeur-air-vanee-maison\" class=\" h-full w-full object-cover\">\n        <\/div>\n        \n        <!-- Section Texte et CTA | lg:!pr-14 lg:!pl-14 lg:py-0 !pb-0 -->\n        <div class=\"content_container lg:py-0 lg:w-1\/2\">\n            <div class=\"content md:mx-auto md:container px-10 lg:!pr-14 relative flex md:items-center h-full pt-8 pb-8 lg:py-16  \">\n                <div class=\"text-left w-full\">\n\n                    \n                                        <div class=\"sur-titre uppercase text-nuit mb-5 tracking-wider\">\n                        Solution plus que compl\u00e8te\n                    <\/div>\n                    \n                    <!-- text-[24px] md:text-[48px] -->\n\n                                        <h2 class=\"titre-3 font-bold text-icetec leading-none\">\n                        Pensez qualit\u00e9 de l&#039;air avec un \u00e9changeur V\u00e4nEE\n                    <\/h2>\n                    \n                                        <div class=\"text-nuit texte text-sm md:text-base mt-6 lg:mt-8 lg:mb-14\">\n                        <p>Votre nouvelle thermopompe r\u00e9gulera parfaitement la temp\u00e9rature, mais qu&rsquo;en est-il de la qualit\u00e9 de votre air \u00e0 la maison ?<\/p>\n<p>Un \u00e9changeur d&rsquo;air V\u00e4nEE \u00e9limine les polluants, r\u00e9duit l&rsquo;humidit\u00e9 et renouvelle l&rsquo;air en permanence. Le combo parfait pour un environnement int\u00e9rieur sain et confortable. D\u00e9couvrez nos solutions cl\u00e9 en main !<\/p>\n\n                    <\/div>\n                    \n                                        <div class=\"ctas flex flex-wrap gap-4 mt-10 flex-col items-start w-fit\">\n                                                <a href=\"https:\/\/icetecclimatisation.com\/fr\/services-residentiels-2\/ventilation-maison\/echangeur-air\/\"\n                            class=\"bouton-1 transition-all \n                  bg-icetec text-white border border-icetec hover:bg-white hover:text-icetec\n          !flex flex-row items-center group justify-center w-full\">\n\n                            <!-- Ic\u00f4ne normale -->\n                            \n                            <!-- Ic\u00f4ne hover -->\n                            \n                            <span class=\"text-center\">Magasinez un \u00e9changeur d&#039;air<\/span>\n                        <\/a>\n                                            <\/div>\n                    \n\n                <\/div>\n            <\/div>\n        <\/div>\n    <\/div>\n\n    <!-- Bloc utilis\u00e9 par le JS pour calculer le padding-left n\u00e9cessaire du .content lorsque l'image est \u00e0 gauche -->\n    <div class=\"reference md:mx-auto md:container px-5\"><\/div>\n\n<\/section>","protected":false},"excerpt":{"rendered":"","protected":false},"author":1,"featured_media":0,"parent":1218,"menu_order":57,"comment_status":"closed","ping_status":"closed","template":"","meta":{"_acf_changed":false,"footnotes":""},"class_list":["post-471","page","type-page","status-publish","hentry"],"acf":[],"yoast_head":"<!-- This site is optimized with the Yoast SEO plugin v27.0 - https:\/\/yoast.com\/product\/yoast-seo-wordpress\/ -->\n<title>Outil d\u2019aide \u00e0 la d\u00e9cision | Besoins en climatisation et chauffage<\/title>\n<meta name=\"description\" content=\"D\u00e9couvrez notre outil d\u2019aide \u00e0 la d\u00e9cision pour choisir la climatisation et le chauffage id\u00e9al, adapt\u00e9 aux besoins sp\u00e9cifiques de votre maison.\" \/>\n<meta name=\"robots\" content=\"noindex, follow\" \/>\n<meta property=\"og:locale\" content=\"fr_FR\" \/>\n<meta property=\"og:type\" content=\"article\" \/>\n<meta property=\"og:title\" content=\"Outil d\u2019aide \u00e0 la d\u00e9cision | Besoins en climatisation et chauffage\" \/>\n<meta property=\"og:description\" content=\"D\u00e9couvrez notre outil d\u2019aide \u00e0 la d\u00e9cision pour choisir la climatisation et le chauffage id\u00e9al, adapt\u00e9 aux besoins sp\u00e9cifiques de votre maison.\" \/>\n<meta property=\"og:url\" content=\"https:\/\/icetecclimatisation.com\/fr\/documentation\/quizz-climatisation\/\" \/>\n<meta property=\"og:site_name\" content=\"Icetec\" \/>\n<meta property=\"article:modified_time\" content=\"2025-02-05T16:05:44+00:00\" \/>\n<meta property=\"og:image\" content=\"https:\/\/icetecclimatisation.com\/app\/uploads\/2024\/12\/solutions-climatisation-chauffage-ventilation-geothermie-maison.webp\" \/>\n\t<meta property=\"og:image:width\" content=\"900\" \/>\n\t<meta property=\"og:image:height\" content=\"900\" \/>\n\t<meta property=\"og:image:type\" content=\"image\/webp\" \/>\n<meta name=\"twitter:card\" content=\"summary_large_image\" \/>\n<script type=\"application\/ld+json\" class=\"yoast-schema-graph\">{\"@context\":\"https:\/\/schema.org\",\"@graph\":[{\"@type\":\"WebPage\",\"@id\":\"https:\/\/icetecclimatisation.com\/fr\/documentation\/quizz-climatisation\/\",\"url\":\"https:\/\/icetecclimatisation.com\/fr\/documentation\/quizz-climatisation\/\",\"name\":\"Outil d\u2019aide \u00e0 la d\u00e9cision | Besoins en climatisation et chauffage\",\"isPartOf\":{\"@id\":\"https:\/\/icetecclimatisation.com\/fr\/#website\"},\"datePublished\":\"2024-11-07T15:24:28+00:00\",\"dateModified\":\"2025-02-05T16:05:44+00:00\",\"description\":\"D\u00e9couvrez notre outil d\u2019aide \u00e0 la d\u00e9cision pour choisir la climatisation et le chauffage id\u00e9al, adapt\u00e9 aux besoins sp\u00e9cifiques de votre maison.\",\"breadcrumb\":{\"@id\":\"https:\/\/icetecclimatisation.com\/fr\/documentation\/quizz-climatisation\/#breadcrumb\"},\"inLanguage\":\"fr-FR\",\"potentialAction\":[{\"@type\":\"ReadAction\",\"target\":[\"https:\/\/icetecclimatisation.com\/fr\/documentation\/quizz-climatisation\/\"]}]},{\"@type\":\"BreadcrumbList\",\"@id\":\"https:\/\/icetecclimatisation.com\/fr\/documentation\/quizz-climatisation\/#breadcrumb\",\"itemListElement\":[{\"@type\":\"ListItem\",\"position\":1,\"name\":\"Home\",\"item\":\"https:\/\/icetecclimatisation.com\/fr\/\"},{\"@type\":\"ListItem\",\"position\":2,\"name\":\"Page &#8211; Documentation\",\"item\":\"https:\/\/icetecclimatisation.com\/fr\/documentation\/\"},{\"@type\":\"ListItem\",\"position\":3,\"name\":\"Page &#8211; Outil d&rsquo;aide \u00e0 la d\u00e9cision\"}]},{\"@type\":\"WebSite\",\"@id\":\"https:\/\/icetecclimatisation.com\/fr\/#website\",\"url\":\"https:\/\/icetecclimatisation.com\/fr\/\",\"name\":\"Icetec\",\"description\":\"\",\"potentialAction\":[{\"@type\":\"SearchAction\",\"target\":{\"@type\":\"EntryPoint\",\"urlTemplate\":\"https:\/\/icetecclimatisation.com\/fr\/?s={search_term_string}\"},\"query-input\":{\"@type\":\"PropertyValueSpecification\",\"valueRequired\":true,\"valueName\":\"search_term_string\"}}],\"inLanguage\":\"fr-FR\"}]}<\/script>\n<!-- \/ Yoast SEO plugin. -->","yoast_head_json":{"title":"Outil d\u2019aide \u00e0 la d\u00e9cision | Besoins en climatisation et chauffage","description":"D\u00e9couvrez notre outil d\u2019aide \u00e0 la d\u00e9cision pour choisir la climatisation et le chauffage id\u00e9al, adapt\u00e9 aux besoins sp\u00e9cifiques de votre maison.","robots":{"index":"noindex","follow":"follow"},"og_locale":"fr_FR","og_type":"article","og_title":"Outil d\u2019aide \u00e0 la d\u00e9cision | Besoins en climatisation et chauffage","og_description":"D\u00e9couvrez notre outil d\u2019aide \u00e0 la d\u00e9cision pour choisir la climatisation et le chauffage id\u00e9al, adapt\u00e9 aux besoins sp\u00e9cifiques de votre maison.","og_url":"https:\/\/icetecclimatisation.com\/fr\/documentation\/quizz-climatisation\/","og_site_name":"Icetec","article_modified_time":"2025-02-05T16:05:44+00:00","og_image":[{"width":900,"height":900,"url":"https:\/\/icetecclimatisation.com\/app\/uploads\/2024\/12\/solutions-climatisation-chauffage-ventilation-geothermie-maison.webp","type":"image\/webp"}],"twitter_card":"summary_large_image","schema":{"@context":"https:\/\/schema.org","@graph":[{"@type":"WebPage","@id":"https:\/\/icetecclimatisation.com\/fr\/documentation\/quizz-climatisation\/","url":"https:\/\/icetecclimatisation.com\/fr\/documentation\/quizz-climatisation\/","name":"Outil d\u2019aide \u00e0 la d\u00e9cision | Besoins en climatisation et chauffage","isPartOf":{"@id":"https:\/\/icetecclimatisation.com\/fr\/#website"},"datePublished":"2024-11-07T15:24:28+00:00","dateModified":"2025-02-05T16:05:44+00:00","description":"D\u00e9couvrez notre outil d\u2019aide \u00e0 la d\u00e9cision pour choisir la climatisation et le chauffage id\u00e9al, adapt\u00e9 aux besoins sp\u00e9cifiques de votre maison.","breadcrumb":{"@id":"https:\/\/icetecclimatisation.com\/fr\/documentation\/quizz-climatisation\/#breadcrumb"},"inLanguage":"fr-FR","potentialAction":[{"@type":"ReadAction","target":["https:\/\/icetecclimatisation.com\/fr\/documentation\/quizz-climatisation\/"]}]},{"@type":"BreadcrumbList","@id":"https:\/\/icetecclimatisation.com\/fr\/documentation\/quizz-climatisation\/#breadcrumb","itemListElement":[{"@type":"ListItem","position":1,"name":"Home","item":"https:\/\/icetecclimatisation.com\/fr\/"},{"@type":"ListItem","position":2,"name":"Page &#8211; Documentation","item":"https:\/\/icetecclimatisation.com\/fr\/documentation\/"},{"@type":"ListItem","position":3,"name":"Page &#8211; Outil d&rsquo;aide \u00e0 la d\u00e9cision"}]},{"@type":"WebSite","@id":"https:\/\/icetecclimatisation.com\/fr\/#website","url":"https:\/\/icetecclimatisation.com\/fr\/","name":"Icetec","description":"","potentialAction":[{"@type":"SearchAction","target":{"@type":"EntryPoint","urlTemplate":"https:\/\/icetecclimatisation.com\/fr\/?s={search_term_string}"},"query-input":{"@type":"PropertyValueSpecification","valueRequired":true,"valueName":"search_term_string"}}],"inLanguage":"fr-FR"}]}},"_links":{"self":[{"href":"https:\/\/icetecclimatisation.com\/fr\/wp-json\/wp\/v2\/pages\/471","targetHints":{"allow":["GET"]}}],"collection":[{"href":"https:\/\/icetecclimatisation.com\/fr\/wp-json\/wp\/v2\/pages"}],"about":[{"href":"https:\/\/icetecclimatisation.com\/fr\/wp-json\/wp\/v2\/types\/page"}],"author":[{"embeddable":true,"href":"https:\/\/icetecclimatisation.com\/fr\/wp-json\/wp\/v2\/users\/1"}],"replies":[{"embeddable":true,"href":"https:\/\/icetecclimatisation.com\/fr\/wp-json\/wp\/v2\/comments?post=471"}],"version-history":[{"count":20,"href":"https:\/\/icetecclimatisation.com\/fr\/wp-json\/wp\/v2\/pages\/471\/revisions"}],"predecessor-version":[{"id":3813,"href":"https:\/\/icetecclimatisation.com\/fr\/wp-json\/wp\/v2\/pages\/471\/revisions\/3813"}],"up":[{"embeddable":true,"href":"https:\/\/icetecclimatisation.com\/fr\/wp-json\/wp\/v2\/pages\/1218"}],"wp:attachment":[{"href":"https:\/\/icetecclimatisation.com\/fr\/wp-json\/wp\/v2\/media?parent=471"}],"curies":[{"name":"wp","href":"https:\/\/api.w.org\/{rel}","templated":true}]}}